{"id":31955,"date":"2021-11-04T12:43:40","date_gmt":"2021-11-04T12:43:40","guid":{"rendered":"https:\/\/dgmn.cl\/premilitares\/?page_id=31955"},"modified":"2025-06-09T18:18:57","modified_gmt":"2025-06-09T18:18:57","slug":"acreditacion","status":"publish","type":"page","link":"https:\/\/dgmn.cl\/premilitares\/acreditacion\/","title":{"rendered":"Acreditaci\u00f3n"},"content":{"rendered":"<p>[vc_row full_width=&#8221;stretch_row_content&#8221; css=&#8221;.vc_custom_1636053574367{background-position: center !important;background-repeat: no-repeat !important;background-size: cover !important;}&#8221;][vc_column][vc_column_text]<\/p>\n<h3 style=\"text-align: center;\"><strong>Proceso de acreditaci\u00f3n ante el Ministerio de Defensa Nacional, a trav\u00e9s de la DGMN.<\/strong><\/h3>\n<p>[\/vc_column_text][\/vc_column][\/vc_row][vc_row full_width=&#8221;stretch_row_content&#8221; ken_burns_transition_speed=&#8221;15000&#8243; ken_burns_enabled=&#8221;true&#8221; css=&#8221;.vc_custom_1643581824951{background-image: url(https:\/\/dgmn.cl\/premilitares\/wp-content\/uploads\/2021\/11\/fondodgmn3.png?id=31978) !important;background-position: center !important;background-repeat: no-repeat !important;background-size: cover !important;}&#8221; ken_burns_image=&#8221;31978&#8243;][vc_column width=&#8221;1\/3&#8243;][vc_text_separator title_level=&#8221;h5&#8243; title=&#8221;INICIAR ACREDITACI\u00d3N&#8221;][vc_column_text]<\/p>\n<ul>\n<li>Para iniciar el proceso de acreditaci\u00f3n del establecimiento educacional para impartir instrucci\u00f3n premilitar y de los instructores de la misma se deber\u00e1 presentar al an\u00e1lisis de la Direcci\u00f3n General de Movilizaci\u00f3n Nacional, la siguiente documentaci\u00f3n:<\/li>\n<\/ul>\n<p>[\/vc_column_text][\/vc_column][vc_column width=&#8221;1\/3&#8243; css=&#8221;.vc_custom_1643581941059{background-color: #fcfcfc !important;}&#8221;][vc_text_separator title_level=&#8221;h5&#8243; title=&#8221;QU\u00c9 TENDR\u00c9 QUE PRESENTAR&#8221;]<div class=\"gem-list lazy-loading gem-list-type-arrow gem-list-color-3\" data-ll-item-delay=\"2\"><ul>\n<li>Carta dirigida al Director General de Movilizaci\u00f3n Nacional<\/li>\n<li>Fotocopia (autenticada) de la Resoluci\u00f3n Exenta del Ministerio de Educaci\u00f3n donde se le reconoce como establecimiento educacional.<\/li>\n<li>Fotocopia (autenticada) del nombramiento del o los representantes legales (escritura p\u00fablica).<\/li>\n<li>N\u00f3mina de los profesores y\/o instructores que tendr\u00e1n a cargo la instrucci\u00f3n premilitar, adjuntando los siguientes documentos:<\/li>\n<li>Nombre Completo, RUN., Profesi\u00f3n, indicar especialidad ejercida en servicio activo.<\/li>\n<li>Certificado de eficiencia profesional (diploma de t\u00edtulo t\u00e9cnico profesional o especialidad) de la respectiva instituci\u00f3n de las FAs.<\/li>\n<li>Minuta de servicios.<\/li>\n<li>Certificado de situaci\u00f3n militar.<\/li>\n<li>Certificado de antecedentes para fines especiales.<\/li>\n<li>Funci\u00f3n que desempe\u00f1ar\u00e1 en el establecimiento.<\/li>\n<li>Curr\u00edculum Vitae.<\/li>\n<li>Otros antecedentes de inter\u00e9s.<\/li>\n<\/ul>\n<\/div>[\/vc_column][vc_column width=&#8221;1\/3&#8243;][vc_text_separator title_level=&#8221;h5&#8243; title=&#8221;ESCUCHAME&#8230;&#8221;][vc_column_text]<\/p>\n<audio class=\"wp-audio-shortcode\" id=\"audio-31955-1\" preload=\"none\" style=\"width: 100%;\" controls=\"controls\"><source type=\"audio\/mpeg\" src=\"https:\/\/dgmn.cl\/premilitares\/wp-content\/uploads\/2021\/11\/Premilitares_1.mp3?_=1\" \/><a href=\"https:\/\/dgmn.cl\/premilitares\/wp-content\/uploads\/2021\/11\/Premilitares_1.mp3\">https:\/\/dgmn.cl\/premilitares\/wp-content\/uploads\/2021\/11\/Premilitares_1.mp3<\/a><\/audio>\n<p>[\/vc_column_text][\/vc_column][\/vc_row][vc_row][vc_column]<div class=\"socials socials-list socials-colored-hover socials-square socials-alignment-center\"><a class=\"socials-item\" target=\"_blank\" href=\"https:\/\/twitter.com\/dgmnoficial\" style=\"color: #00e4f4;\"><i class=\"socials-item-icon twitter\" style=\"font-size: 16px\"><\/i><\/a><\/div>[\/vc_column][\/vc_row]<\/p>\n","protected":false},"excerpt":{"rendered":"<p>[vc_row full_width=&#8221;stretch_row_content&#8221; css=&#8221;.vc_custom_1636053574367{background-position: center !important;background-repeat: no-repeat !important;background-size: cover !important;}&#8221;][vc_column][vc_column_text] Proceso de acreditaci\u00f3n ante el Ministerio de Defensa Nacional, a trav\u00e9s&#8230;<\/p>\n","protected":false},"author":1,"featured_media":0,"parent":0,"menu_order":0,"comment_status":"closed","ping_status":"closed","template":"","meta":{"footnotes":""},"class_list":["post-31955","page","type-page","status-publish"],"_links":{"self":[{"href":"https:\/\/dgmn.cl\/premilitares\/wp-json\/wp\/v2\/pages\/31955","targetHints":{"allow":["GET"]}}],"collection":[{"href":"https:\/\/dgmn.cl\/premilitares\/wp-json\/wp\/v2\/pages"}],"about":[{"href":"https:\/\/dgmn.cl\/premilitares\/wp-json\/wp\/v2\/types\/page"}],"author":[{"embeddable":true,"href":"https:\/\/dgmn.cl\/premilitares\/wp-json\/wp\/v2\/users\/1"}],"replies":[{"embeddable":true,"href":"https:\/\/dgmn.cl\/premilitares\/wp-json\/wp\/v2\/comments?post=31955"}],"version-history":[{"count":1,"href":"https:\/\/dgmn.cl\/premilitares\/wp-json\/wp\/v2\/pages\/31955\/revisions"}],"predecessor-version":[{"id":32136,"href":"https:\/\/dgmn.cl\/premilitares\/wp-json\/wp\/v2\/pages\/31955\/revisions\/32136"}],"wp:attachment":[{"href":"https:\/\/dgmn.cl\/premilitares\/wp-json\/wp\/v2\/media?parent=31955"}],"curies":[{"name":"wp","href":"https:\/\/api.w.org\/{rel}","templated":true}]}}